{"id":36,"date":"2024-03-17T09:00:30","date_gmt":"2024-03-17T08:00:30","guid":{"rendered":"https:\/\/mari-autosattlerei.de\/?page_id=36"},"modified":"2024-03-21T20:11:20","modified_gmt":"2024-03-21T19:11:20","slug":"startseite","status":"publish","type":"page","link":"https:\/\/mari-autosattlerei.de\/","title":{"rendered":"Willkommen bei Mari Autosattlerei"},"content":{"rendered":"<section class=\"wpb-content-wrapper\">[vc_row thb_full_width=&#8221;true&#8221; full_height=&#8221;yes&#8221; content_placement=&#8221;middle&#8221; thb_divider_position=&#8221;bottom&#8221; el_class=&#8221;align-center&#8221; css=&#8221;.vc_custom_1711034086081{padding-top: 10vh !important;padding-bottom: 10vh !important;background-image: url(https:\/\/mari-autosattlerei.de\/wp-content\/uploads\/2024\/03\/home-bg-image-2.jpg?id=253) !important;background-position: center !important;background-repeat: no-repeat !important;background-size: cover !important;}&#8221;][vc_column el_class=&#8221;text-center&#8221; offset=&#8221;vc_col-lg-6 vc_col-md-8&#8243;][vc_column_text]\n<h1 class=\"thb-fadetype-entry\">Willkommen bei Mari Autosattlerei<\/h1>\n[\/vc_column_text][vc_empty_space][vc_column_text css=&#8221;.vc_custom_1711033285060{padding-right: 5% !important;padding-left: 5% !important;}&#8221;]Wenn Sie geschickte H\u00e4nde f\u00fcr Ihre Fahrzeug suchen, sind Sie hier richtig!<br \/>\nIch k\u00fcmmere mich um Ihren Autoinnenraum und verwirkliche Ihre Vorstellungen.[\/vc_column_text][vc_row_inner][vc_column_inner width=&#8221;1\/4&#8243;][\/vc_column_inner][vc_column_inner width=&#8221;1\/4&#8243;]\t<a id=\"thb-iconbox-69da084a875b7\" class=\"has-link thb-iconbox top type1   text-center animation-true \" href=\"https:\/\/mari-autosattlerei.de\/index.php\/ueber-mich\/\" target=\"_self\" data-animation_speed=\"1.5\">\n\t\t\t\t\t\t<figure>\n\t\t\t<svg xmlns=\"http:\/\/www.w3.org\/2000\/svg\" viewBox=\"0 0 64 64\" enable-background=\"new 0 0 64 64\"><path fill=\"none\" stroke=\"#000\" stroke-width=\"2\" stroke-miterlimit=\"10\" d=\"m32 47h31v-42h-62v42h17v12z\"\/><\/svg>\t\t<\/figure>\n\t\t\t\t<div class=\"iconbox-content\">\n\t\t\t\t\t\t\t<h5>\u00dcber mich<\/h5>\t\t\t<div class=\"thb-iconbox-text\">\n\t\t\t\t\t\t\t<\/div>\n\t\t<\/div>\n\t\t\t\t\t\t<style>\n\t\t\t\t\t\t\t\t\t\t\t\t\t\t\t\t\t\t\t\t\t\/* Hover *\/\n\t\t\t\t\t\t\t\t\t\t\t<\/style>\n\t\t\t<\/a>\n\t[\/vc_column_inner][vc_column_inner width=&#8221;1\/4&#8243;]\t<a id=\"thb-iconbox-69da084a87879\" class=\"has-link thb-iconbox top type1   text-center animation-true \" href=\"https:\/\/mari-autosattlerei.de\/index.php\/leistungen\/\" target=\"_self\" data-animation_speed=\"1.5\">\n\t\t\t\t\t\t<figure>\n\t\t\t<svg xmlns=\"http:\/\/www.w3.org\/2000\/svg\" viewBox=\"0 0 64 64\" enable-background=\"new 0 0 64 64\"><g fill=\"none\" stroke=\"#000\" stroke-width=\"2\" stroke-miterlimit=\"10\"><path d=\"m18 1h28v61l-14-14-14 14z\"\/><path stroke-linejoin=\"bevel\" d=\"m23 22l7 7 13-13\"\/><\/g><\/svg>\t\t<\/figure>\n\t\t\t\t<div class=\"iconbox-content\">\n\t\t\t\t\t\t\t<h5>Leistungen<\/h5>\t\t\t<div class=\"thb-iconbox-text\">\n\t\t\t\t\t\t\t<\/div>\n\t\t<\/div>\n\t\t\t\t\t\t<style>\n\t\t\t\t\t\t\t\t\t\t\t\t\t\t\t\t\t\t\t\t\t\/* Hover *\/\n\t\t\t\t\t\t\t\t\t\t\t<\/style>\n\t\t\t<\/a>\n\t[\/vc_column_inner][vc_column_inner width=&#8221;1\/4&#8243;][\/vc_column_inner][\/vc_row_inner][\/vc_column][\/vc_row]\n<\/section>","protected":false},"excerpt":{"rendered":"<p>[vc_row thb_full_width=&#8221;true&#8221; full_height=&#8221;yes&#8221; content_placement=&#8221;middle&#8221; thb_divider_position=&#8221;bottom&#8221; el_class=&#8221;align-center&#8221; css=&#8221;.vc_custom_1711034086081{padding-top: 10vh !important;padding-bottom: 10vh !important;background-image: url(https:\/\/mari-autosattlerei.de\/wp-content\/uploads\/2024\/03\/home-bg-image-2.jpg?id=253) !important;background-position: center !important;background-repeat: no-repeat !important;background-size: cover !important;}&#8221;][vc_column el_class=&#8221;text-center&#8221; offset=&#8221;vc_col-lg-6 vc_col-md-8&#8243;][vc_column_text] Willkommen bei Mari Autosattlerei [\/vc_column_text][vc_empty_space][vc_column_text css=&#8221;.vc_custom_1711033285060{padding-right: 5% !important;padding-left: 5% !important;}&#8221;]Wenn Sie geschickte H\u00e4nde f\u00fcr Ihre Fahrzeug suchen, sind Sie hier richtig! Ich k\u00fcmmere mich um Ihren Autoinnenraum und verwirkliche Ihre Vorstellungen.[\/vc_column_text][vc_row_inner][vc_column_inner width=&#8221;1\/4&#8243;][\/vc_column_inner][vc_column_inner width=&#8221;1\/4&#8243;][\/vc_column_inner][vc_column_inner&hellip;<\/p>\n","protected":false},"author":1,"featured_media":0,"parent":0,"menu_order":0,"comment_status":"closed","ping_status":"closed","template":"","meta":{"footnotes":""},"_links":{"self":[{"href":"https:\/\/mari-autosattlerei.de\/index.php\/wp-json\/wp\/v2\/pages\/36"}],"collection":[{"href":"https:\/\/mari-autosattlerei.de\/index.php\/wp-json\/wp\/v2\/pages"}],"about":[{"href":"https:\/\/mari-autosattlerei.de\/index.php\/wp-json\/wp\/v2\/types\/page"}],"author":[{"embeddable":true,"href":"https:\/\/mari-autosattlerei.de\/index.php\/wp-json\/wp\/v2\/users\/1"}],"replies":[{"embeddable":true,"href":"https:\/\/mari-autosattlerei.de\/index.php\/wp-json\/wp\/v2\/comments?post=36"}],"version-history":[{"count":60,"href":"https:\/\/mari-autosattlerei.de\/index.php\/wp-json\/wp\/v2\/pages\/36\/revisions"}],"predecessor-version":[{"id":144,"href":"https:\/\/mari-autosattlerei.de\/index.php\/wp-json\/wp\/v2\/pages\/36\/revisions\/144"}],"wp:attachment":[{"href":"https:\/\/mari-autosattlerei.de\/index.php\/wp-json\/wp\/v2\/media?parent=36"}],"curies":[{"name":"wp","href":"https:\/\/api.w.org\/{rel}","templated":true}]}}