{"id":317,"date":"2024-03-21T19:48:17","date_gmt":"2024-03-21T18:48:17","guid":{"rendered":"https:\/\/mari-autosattlerei.de\/?page_id=317"},"modified":"2024-06-21T13:46:10","modified_gmt":"2024-06-21T11:46:10","slug":"ueber-mich","status":"publish","type":"page","link":"https:\/\/mari-autosattlerei.de\/index.php\/ueber-mich\/","title":{"rendered":"\u00dcber mich"},"content":{"rendered":"<section class=\"wpb-content-wrapper\">[vc_row content_placement=&#8221;middle&#8221; thb_divider_position=&#8221;bottom&#8221;][vc_column offset=&#8221;vc_col-lg-8 vc_col-md-offset-0 vc_col-md-12&#8243;][vc_row_inner css=&#8221;.vc_custom_1711048395244{padding-right: 50px !important;padding-left: 50px !important;}&#8221;][vc_column_inner width=&#8221;1\/2&#8243; css=&#8221;.vc_custom_1711049439367{padding-right: 20px !important;}&#8221;]\t<div id=\"thb-image-69da2681ae4f1\" class=\"caption-style1  alignleft  hide-for-small-only hide-for-medium-only thb_image_link wp-caption\">\n\t\t\t<div class=\"thb-image-inner size_100\">\n\t\t\t<img loading=\"lazy\" decoding=\"async\" width=\"1152\" height=\"2048\" src=\"https:\/\/mari-autosattlerei.de\/wp-content\/uploads\/2024\/03\/mari-ueber-mich.jpg\" class=\"thb_image   thb-ignore-lazyload attachment-full thb-lazyload lazyload\" alt=\"\" title=\"mari-ueber-mich\" sizes=\"(max-width: 1152px) 100vw, 1152px\" data-src=\"https:\/\/mari-autosattlerei.de\/wp-content\/uploads\/2024\/03\/mari-ueber-mich.jpg\" data-sizes=\"auto\" data-srcset=\"https:\/\/mari-autosattlerei.de\/wp-content\/uploads\/2024\/03\/mari-ueber-mich.jpg 1152w, https:\/\/mari-autosattlerei.de\/wp-content\/uploads\/2024\/03\/mari-ueber-mich-576x1024.jpg 576w, https:\/\/mari-autosattlerei.de\/wp-content\/uploads\/2024\/03\/mari-ueber-mich-768x1365.jpg 768w, https:\/\/mari-autosattlerei.de\/wp-content\/uploads\/2024\/03\/mari-ueber-mich-864x1536.jpg 864w, https:\/\/mari-autosattlerei.de\/wp-content\/uploads\/2024\/03\/mari-ueber-mich-640x1138.jpg 640w, https:\/\/mari-autosattlerei.de\/wp-content\/uploads\/2024\/03\/mari-ueber-mich-320x569.jpg 320w, https:\/\/mari-autosattlerei.de\/wp-content\/uploads\/2024\/03\/mari-ueber-mich-20x36.jpg 20w\" \/>\n\t\t<\/div>\n\t\t\t\t\t<\/div>\n\t[\/vc_column_inner][vc_column_inner el_class=&#8221;column-text-padding&#8221; width=&#8221;1\/2&#8243; offset=&#8221;vc_col-lg-6 vc_col-md-offset-0 vc_col-md-12&#8243;][vc_column_text]\n<h1>\u00dcber mich<\/h1>\n[\/vc_column_text][vc_column_text]Ich bin Mariam Marunchak, geboren 1996 und Mama von zwei Kindern. Komme urspr\u00fcnglich aus Georgien und bin seit 2016 in Deutschland ans\u00e4\u00dfig. Als ein gemeinsames Kind meines Interesses an Handwerkliche Berufe und der Begeisterung meines Mannes f\u00fcr historische Fahrzeuge ist mein neues T\u00e4tigkeitsfeld entstanden. Nach und nach sammelte ich Kenntni\u00dfe und Erfahrungen und jetzt habe eine eigene Autosattlerei.[\/vc_column_text][vc_single_image image=&#8221;153&#8243; img_size=&#8221;large&#8221; el_class=&#8221;hide-for-large&#8221;][\/vc_column_inner][\/vc_row_inner][\/vc_column][\/vc_row][vc_row thb_divider_position=&#8221;bottom&#8221;][vc_column][vc_empty_space height=&#8221;100px&#8221;][\/vc_column][\/vc_row]\n<\/section>","protected":false},"excerpt":{"rendered":"<p>[vc_row content_placement=&#8221;middle&#8221; thb_divider_position=&#8221;bottom&#8221;][vc_column offset=&#8221;vc_col-lg-8 vc_col-md-offset-0 vc_col-md-12&#8243;][vc_row_inner css=&#8221;.vc_custom_1711048395244{padding-right: 50px !important;padding-left: 50px !important;}&#8221;][vc_column_inner width=&#8221;1\/2&#8243; css=&#8221;.vc_custom_1711049439367{padding-right: 20px !important;}&#8221;][\/vc_column_inner][vc_column_inner el_class=&#8221;column-text-padding&#8221; width=&#8221;1\/2&#8243; offset=&#8221;vc_col-lg-6 vc_col-md-offset-0 vc_col-md-12&#8243;][vc_column_text] \u00dcber mich [\/vc_column_text][vc_column_text]Ich bin Mariam Marunchak, geboren 1996 und Mama von zwei Kindern. Komme urspr\u00fcnglich aus Georgien und bin seit 2016 in Deutschland ans\u00e4\u00dfig. Als ein gemeinsames Kind meines Interesses an Handwerkliche Berufe und der&hellip;<\/p>\n","protected":false},"author":1,"featured_media":0,"parent":0,"menu_order":0,"comment_status":"closed","ping_status":"closed","template":"","meta":{"footnotes":""},"_links":{"self":[{"href":"https:\/\/mari-autosattlerei.de\/index.php\/wp-json\/wp\/v2\/pages\/317"}],"collection":[{"href":"https:\/\/mari-autosattlerei.de\/index.php\/wp-json\/wp\/v2\/pages"}],"about":[{"href":"https:\/\/mari-autosattlerei.de\/index.php\/wp-json\/wp\/v2\/types\/page"}],"author":[{"embeddable":true,"href":"https:\/\/mari-autosattlerei.de\/index.php\/wp-json\/wp\/v2\/users\/1"}],"replies":[{"embeddable":true,"href":"https:\/\/mari-autosattlerei.de\/index.php\/wp-json\/wp\/v2\/comments?post=317"}],"version-history":[{"count":57,"href":"https:\/\/mari-autosattlerei.de\/index.php\/wp-json\/wp\/v2\/pages\/317\/revisions"}],"predecessor-version":[{"id":389,"href":"https:\/\/mari-autosattlerei.de\/index.php\/wp-json\/wp\/v2\/pages\/317\/revisions\/389"}],"wp:attachment":[{"href":"https:\/\/mari-autosattlerei.de\/index.php\/wp-json\/wp\/v2\/media?parent=317"}],"curies":[{"name":"wp","href":"https:\/\/api.w.org\/{rel}","templated":true}]}}