{"id":22,"date":"2024-03-17T08:55:05","date_gmt":"2024-03-17T07:55:05","guid":{"rendered":"https:\/\/mari-autosattlerei.de\/?page_id=22"},"modified":"2024-03-21T19:45:50","modified_gmt":"2024-03-21T18:45:50","slug":"stoffe","status":"publish","type":"page","link":"https:\/\/mari-autosattlerei.de\/index.php\/stoffe\/","title":{"rendered":"Stoffe"},"content":{"rendered":"<section class=\"wpb-content-wrapper\">[vc_row thb_divider_position=&#8221;bottom&#8221;][vc_column width=&#8221;1\/6&#8243;][\/vc_column][vc_column width=&#8221;1\/3&#8243;]\t<div id=\"thb-image-69da241acd046\" class=\"caption-style1  alignleft   thb_image_link wp-caption\">\n\t\t\t<div class=\"thb-image-inner size_100\">\n\t\t\t<img loading=\"lazy\" decoding=\"async\" width=\"894\" height=\"894\" src=\"https:\/\/mari-autosattlerei.de\/wp-content\/uploads\/2024\/03\/IMG_1713.jpeg\" class=\"thb_image   thb-ignore-lazyload attachment-full thb-lazyload lazyload\" alt=\"\" title=\"IMG_1713\" sizes=\"(max-width: 894px) 100vw, 894px\" data-src=\"https:\/\/mari-autosattlerei.de\/wp-content\/uploads\/2024\/03\/IMG_1713.jpeg\" data-sizes=\"auto\" data-srcset=\"https:\/\/mari-autosattlerei.de\/wp-content\/uploads\/2024\/03\/IMG_1713.jpeg 894w, https:\/\/mari-autosattlerei.de\/wp-content\/uploads\/2024\/03\/IMG_1713-300x300.jpeg 300w, https:\/\/mari-autosattlerei.de\/wp-content\/uploads\/2024\/03\/IMG_1713-150x150.jpeg 150w, https:\/\/mari-autosattlerei.de\/wp-content\/uploads\/2024\/03\/IMG_1713-768x768.jpeg 768w, https:\/\/mari-autosattlerei.de\/wp-content\/uploads\/2024\/03\/IMG_1713-640x640.jpeg 640w, https:\/\/mari-autosattlerei.de\/wp-content\/uploads\/2024\/03\/IMG_1713-320x320.jpeg 320w, https:\/\/mari-autosattlerei.de\/wp-content\/uploads\/2024\/03\/IMG_1713-20x20.jpeg 20w\" \/>\n\t\t<\/div>\n\t\t\t\t\t<\/div>\n\t[\/vc_column][vc_column width=&#8221;1\/3&#8243; css=&#8221;.vc_custom_1711044814591{padding-left: 40px !important;}&#8221;][vc_column_text]\n<h1>Stoffe<\/h1>\n[\/vc_column_text][vc_column_text]Bei mir finden Sie gro\u00dfe Auswahl an Materialen, damit ist auch gew\u00e4hrleistet dass wir den passenden Stoff oder Leder Farbton f\u00fcr Ihre Fahrzeug treffen.[\/vc_column_text][\/vc_column][vc_column width=&#8221;1\/6&#8243;][\/vc_column][\/vc_row]\n<\/section>","protected":false},"excerpt":{"rendered":"<p>[vc_row thb_divider_position=&#8221;bottom&#8221;][vc_column width=&#8221;1\/6&#8243;][\/vc_column][vc_column width=&#8221;1\/3&#8243;][\/vc_column][vc_column width=&#8221;1\/3&#8243; css=&#8221;.vc_custom_1711044814591{padding-left: 40px !important;}&#8221;][vc_column_text] Stoffe [\/vc_column_text][vc_column_text]Bei mir finden Sie gro\u00dfe Auswahl an Materialen, damit ist auch gew\u00e4hrleistet dass wir den passenden Stoff oder Leder Farbton f\u00fcr Ihre Fahrzeug treffen.[\/vc_column_text][\/vc_column][vc_column width=&#8221;1\/6&#8243;][\/vc_column][\/vc_row]<\/p>\n","protected":false},"author":1,"featured_media":0,"parent":0,"menu_order":0,"comment_status":"closed","ping_status":"closed","template":"","meta":{"footnotes":""},"_links":{"self":[{"href":"https:\/\/mari-autosattlerei.de\/index.php\/wp-json\/wp\/v2\/pages\/22"}],"collection":[{"href":"https:\/\/mari-autosattlerei.de\/index.php\/wp-json\/wp\/v2\/pages"}],"about":[{"href":"https:\/\/mari-autosattlerei.de\/index.php\/wp-json\/wp\/v2\/types\/page"}],"author":[{"embeddable":true,"href":"https:\/\/mari-autosattlerei.de\/index.php\/wp-json\/wp\/v2\/users\/1"}],"replies":[{"embeddable":true,"href":"https:\/\/mari-autosattlerei.de\/index.php\/wp-json\/wp\/v2\/comments?post=22"}],"version-history":[{"count":10,"href":"https:\/\/mari-autosattlerei.de\/index.php\/wp-json\/wp\/v2\/pages\/22\/revisions"}],"predecessor-version":[{"id":311,"href":"https:\/\/mari-autosattlerei.de\/index.php\/wp-json\/wp\/v2\/pages\/22\/revisions\/311"}],"wp:attachment":[{"href":"https:\/\/mari-autosattlerei.de\/index.php\/wp-json\/wp\/v2\/media?parent=22"}],"curies":[{"name":"wp","href":"https:\/\/api.w.org\/{rel}","templated":true}]}}