{"id":13,"date":"2024-03-17T08:52:31","date_gmt":"2024-03-17T07:52:31","guid":{"rendered":"https:\/\/mari-autosattlerei.de\/?page_id=13"},"modified":"2025-03-27T08:57:31","modified_gmt":"2025-03-27T07:57:31","slug":"impressum","status":"publish","type":"page","link":"https:\/\/mari-autosattlerei.de\/index.php\/impressum\/","title":{"rendered":"Impressum"},"content":{"rendered":"<section class=\"wpb-content-wrapper\">[vc_row thb_divider_position=&#8221;bottom&#8221; el_class=&#8221;align-center&#8221; css=&#8221;.vc_custom_1474624365002{padding-top: 4% !important;padding-bottom: 4% !important;}&#8221;][vc_column offset=&#8221;vc_col-lg-8 vc_col-md-12&#8243; css=&#8221;.vc_custom_1711107720945{padding-right: 25px !important;padding-left: 25px !important;}&#8221;][vc_column_text]\r\n<h4><\/h4>\r\n<h1 class=\"wp-block-heading\">Impressum<\/h1>\r\n<h3>\u00a0<\/h3>\r\n<h3 class=\"wp-block-heading\">Diensteanbieter<\/h3>\r\n<h4><\/h4>\r\n<p>Mari Autosattlerei<br \/>In der W\u00fcrze 9<br \/>79837 H\u00e4usern<br \/>Deutschland<\/p>\r\n<h4><\/h4>\r\n\r\n<h4><\/h4>\r\n\r\n<h3 class=\"wp-block-heading\">Kontaktm\u00f6glichkeiten<\/h3>\r\n<h4><\/h4>\r\n<p>E-Mail-Adresse: <a href=\"mailto:mari_Autosattlerei@web.de\">mari_Autosattlerei@web.de<\/a><br \/>Tel: 0157 52635250<\/p>\r\n<h4><\/h4>\r\n\r\n<h4><\/h4>\r\n\r\n<h3 class=\"wp-block-heading\">Angaben zum Unternehmen<\/h3>\r\n<h4><\/h4>\r\n<p>Umsatzsteuer Identifikationsnummer (Ust-ID):<br \/>05325\/26536<\/p>\r\n<h4><\/h4>\r\n<p>Mitglied der Industrie-und Handelskammer<br \/>IHK- Identnummer: 877384<\/p>\r\n<h4><\/h4>\r\n\r\n<h4><\/h4>\r\n<p>&nbsp;<\/p>\r\n[\/vc_column_text][\/vc_column][\/vc_row]<\/section>","protected":false},"excerpt":{"rendered":"<p>[vc_row thb_divider_position=&#8221;bottom&#8221; el_class=&#8221;align-center&#8221; css=&#8221;.vc_custom_1474624365002{padding-top: 4% !important;padding-bottom: 4% !important;}&#8221;][vc_column offset=&#8221;vc_col-lg-8 vc_col-md-12&#8243; css=&#8221;.vc_custom_1711107720945{padding-right: 25px !important;padding-left: 25px !important;}&#8221;][vc_column_text] Impressum \u00a0 Diensteanbieter Mari AutosattlereiIn der W\u00fcrze 979837 H\u00e4usernDeutschland Kontaktm\u00f6glichkeiten E-Mail-Adresse: mari_Autosattlerei@web.deTel: 0157 52635250 Angaben zum Unternehmen Umsatzsteuer Identifikationsnummer (Ust-ID):05325\/26536 Mitglied der Industrie-und HandelskammerIHK- Identnummer: 877384 &nbsp; [\/vc_column_text][\/vc_column][\/vc_row]<\/p>\n","protected":false},"author":1,"featured_media":0,"parent":0,"menu_order":0,"comment_status":"closed","ping_status":"closed","template":"","meta":{"footnotes":""},"_links":{"self":[{"href":"https:\/\/mari-autosattlerei.de\/index.php\/wp-json\/wp\/v2\/pages\/13"}],"collection":[{"href":"https:\/\/mari-autosattlerei.de\/index.php\/wp-json\/wp\/v2\/pages"}],"about":[{"href":"https:\/\/mari-autosattlerei.de\/index.php\/wp-json\/wp\/v2\/types\/page"}],"author":[{"embeddable":true,"href":"https:\/\/mari-autosattlerei.de\/index.php\/wp-json\/wp\/v2\/users\/1"}],"replies":[{"embeddable":true,"href":"https:\/\/mari-autosattlerei.de\/index.php\/wp-json\/wp\/v2\/comments?post=13"}],"version-history":[{"count":8,"href":"https:\/\/mari-autosattlerei.de\/index.php\/wp-json\/wp\/v2\/pages\/13\/revisions"}],"predecessor-version":[{"id":390,"href":"https:\/\/mari-autosattlerei.de\/index.php\/wp-json\/wp\/v2\/pages\/13\/revisions\/390"}],"wp:attachment":[{"href":"https:\/\/mari-autosattlerei.de\/index.php\/wp-json\/wp\/v2\/media?parent=13"}],"curies":[{"name":"wp","href":"https:\/\/api.w.org\/{rel}","templated":true}]}}